{"id":46692,"date":"2026-03-07T14:17:04","date_gmt":"2026-03-07T13:17:04","guid":{"rendered":"https:\/\/costaprimerealty.com\/?page_id=46692"},"modified":"2026-03-07T14:17:05","modified_gmt":"2026-03-07T13:17:05","slug":"impressum","status":"publish","type":"page","link":"https:\/\/costaprimerealty.com\/de\/imprint\/","title":{"rendered":"Impressum"},"content":{"rendered":"<h2 class=\"wp-block-heading\">Informationen zum Unternehmen<\/h2>\n\n\n\n<p><strong>Costa Prime Realty<\/strong> (www.costaprimerealty.com)<br>Im Besitz und betrieben von <strong>Izidor Isakow<\/strong><\/p>\n\n\n\n<p>Calle Gema 1<br>29631 Benalm\u00e1dena<br>M\u00e1laga<br>Spanien<\/p>\n\n\n\n<h2 class=\"wp-block-heading\">Kontakt Details<\/h2>\n\n\n\n<p>Telefon: +34 602 11 99 19<br>E-Mail: <a href=\"mailto:info@costaprimerealty.com\">info@costaprimerealty.com<\/a><\/p>\n\n\n\n<h2 class=\"wp-block-heading\">Verantwortlich f\u00fcr den Inhalt<\/h2>\n\n\n\n<p>Izidor Isakow<br>Costa Prime Realty<br>Calle Gema 1<br>29631 Benalm\u00e1dena<br>M\u00e1laga<br>Spanien<\/p>\n\n\n\n<h2 class=\"wp-block-heading\">Haftungsausschluss<\/h2>\n\n\n\n<p>Die auf dieser Website zur Verf\u00fcgung gestellten Informationen dienen nur zu allgemeinen Informationszwecken. Obwohl alle Anstrengungen unternommen werden, um die Informationen genau und aktuell zu halten, gibt Costa Prime Realty keine ausdr\u00fccklichen oder stillschweigenden Zusicherungen oder Gew\u00e4hrleistungen hinsichtlich der Vollst\u00e4ndigkeit, Genauigkeit, Zuverl\u00e4ssigkeit, Eignung oder Verf\u00fcgbarkeit der auf der Website enthaltenen Immobilien oder Informationen.<\/p>\n\n\n\n<p>Immobilienangebote, Preise und Verf\u00fcgbarkeit k\u00f6nnen ohne vorherige Ank\u00fcndigung ge\u00e4ndert werden.<\/p>\n\n\n\n<h2 class=\"wp-block-heading\">Copyright<\/h2>\n\n\n\n<p>Der gesamte Inhalt dieser Website, einschlie\u00dflich der Texte, Bilder, Grafiken und Logos, ist, sofern nicht anders angegeben, Eigentum von Costa Prime Realty und ist durch die geltenden Urheberrechtsgesetze gesch\u00fctzt. Die unbefugte Verwendung, Vervielf\u00e4ltigung oder Verbreitung jeglichen Materials ohne vorherige schriftliche Genehmigung ist verboten.<\/p>\n\n\n\n<h2 class=\"wp-block-heading\">Externe Links<\/h2>\n\n\n\n<p>Diese Website kann Links zu externen Websites enthalten. Costa Prime Realty hat keine Kontrolle \u00fcber den Inhalt oder die Verf\u00fcgbarkeit dieser Websites und \u00fcbernimmt keine Verantwortung f\u00fcr sie.<\/p>\n\n\n\n<p><\/p>","protected":false},"excerpt":{"rendered":"<p>Company Information Costa Prime Realty (www.costaprimerealty.com)Owned and operated by Izidor Isakov Calle Gema 129631 Benalm\u00e1denaM\u00e1lagaSpain Contact Details Phone: +34 602 11 99 19Email: info@costaprimerealty.com Responsible for Content Izidor IsakovCosta Prime RealtyCalle Gema 129631 Benalm\u00e1denaM\u00e1lagaSpain Disclaimer The information provided on this website is for general informational purposes only. While every effort is made to keep the [&hellip;]<\/p>\n","protected":false},"author":1,"featured_media":0,"parent":0,"menu_order":0,"comment_status":"closed","ping_status":"closed","template":"","meta":{"footnotes":""},"class_list":["post-46692","page","type-page","status-publish","hentry"],"yoast_head":"<!-- This site is optimized with the Yoast SEO plugin v27.2 - https:\/\/yoast.com\/product\/yoast-seo-wordpress\/ -->\n<title>Imprint | Costa Prime Realty<\/title>\n<meta name=\"description\" content=\"Imprint and legal information for Costa Prime Realty, owned by Izidor Isakov, located in Benalm\u00e1dena, M\u00e1laga, Spain. Find company contact details, ownership information, and website legal disclaimer for this real estate agency on the Costa del Sol.\" \/>\n<meta name=\"robots\" content=\"index, follow, max-snippet:-1, max-image-preview:large, max-video-preview:-1\" \/>\n<link rel=\"canonical\" href=\"https:\/\/costaprimerealty.com\/de\/impressum\/\" \/>\n<meta property=\"og:locale\" content=\"de_DE\" \/>\n<meta property=\"og:type\" content=\"article\" \/>\n<meta property=\"og:title\" content=\"Imprint | Costa Prime Realty\" \/>\n<meta property=\"og:description\" content=\"Imprint and legal information for Costa Prime Realty, owned by Izidor Isakov, located in Benalm\u00e1dena, M\u00e1laga, Spain. Find company contact details, ownership information, and website legal disclaimer for this real estate agency on the Costa del Sol.\" \/>\n<meta property=\"og:url\" content=\"https:\/\/costaprimerealty.com\/de\/impressum\/\" \/>\n<meta property=\"og:site_name\" content=\"Costa Prime Realty\" \/>\n<meta property=\"article:publisher\" content=\"https:\/\/www.facebook.com\/CostaPrimeRealty\/\" \/>\n<meta property=\"article:modified_time\" content=\"2026-03-07T13:17:05+00:00\" \/>\n<meta property=\"og:image\" content=\"https:\/\/costaprimerealty.com\/wp-content\/uploads\/2026\/03\/SEO-Image-Costa-Prime-Realty-.png\" \/>\n\t<meta property=\"og:image:width\" content=\"1200\" \/>\n\t<meta property=\"og:image:height\" content=\"675\" \/>\n\t<meta property=\"og:image:type\" content=\"image\/png\" \/>\n<meta name=\"twitter:card\" content=\"summary_large_image\" \/>\n<meta name=\"twitter:label1\" content=\"Gesch\u00e4tzte Lesezeit\" \/>\n\t<meta name=\"twitter:data1\" content=\"1\u00a0Minute\" \/>\n<script type=\"application\/ld+json\" class=\"yoast-schema-graph\">{\"@context\":\"https:\/\/schema.org\",\"@graph\":[{\"@type\":\"WebPage\",\"@id\":\"https:\/\/costaprimerealty.com\/imprint\/\",\"url\":\"https:\/\/costaprimerealty.com\/imprint\/\",\"name\":\"Imprint | Costa Prime Realty\",\"isPartOf\":{\"@id\":\"https:\/\/costaprimerealty.com\/#website\"},\"datePublished\":\"2026-03-07T13:17:04+00:00\",\"dateModified\":\"2026-03-07T13:17:05+00:00\",\"description\":\"Imprint and legal information for Costa Prime Realty, owned by Izidor Isakov, located in Benalm\u00e1dena, M\u00e1laga, Spain. Find company contact details, ownership information, and website legal disclaimer for this real estate agency on the Costa del Sol.\",\"breadcrumb\":{\"@id\":\"https:\/\/costaprimerealty.com\/imprint\/#breadcrumb\"},\"inLanguage\":\"de\",\"potentialAction\":[{\"@type\":\"ReadAction\",\"target\":[\"https:\/\/costaprimerealty.com\/imprint\/\"]}]},{\"@type\":\"BreadcrumbList\",\"@id\":\"https:\/\/costaprimerealty.com\/imprint\/#breadcrumb\",\"itemListElement\":[{\"@type\":\"ListItem\",\"position\":1,\"name\":\"Home\",\"item\":\"https:\/\/costaprimerealty.com\/\"},{\"@type\":\"ListItem\",\"position\":2,\"name\":\"Imprint\"}]},{\"@type\":\"WebSite\",\"@id\":\"https:\/\/costaprimerealty.com\/#website\",\"url\":\"https:\/\/costaprimerealty.com\/\",\"name\":\"Costa Prime Realty\",\"description\":\"Property Experts on the Costa del Sol\",\"publisher\":{\"@id\":\"https:\/\/costaprimerealty.com\/#organization\"},\"potentialAction\":[{\"@type\":\"SearchAction\",\"target\":{\"@type\":\"EntryPoint\",\"urlTemplate\":\"https:\/\/costaprimerealty.com\/?s={search_term_string}\"},\"query-input\":{\"@type\":\"PropertyValueSpecification\",\"valueRequired\":true,\"valueName\":\"search_term_string\"}}],\"inLanguage\":\"de\"},{\"@type\":\"Organization\",\"@id\":\"https:\/\/costaprimerealty.com\/#organization\",\"name\":\"Costa Prime Realty\",\"url\":\"https:\/\/costaprimerealty.com\/\",\"logo\":{\"@type\":\"ImageObject\",\"inLanguage\":\"de\",\"@id\":\"https:\/\/costaprimerealty.com\/#\/schema\/logo\/image\/\",\"url\":\"https:\/\/costaprimerealty.com\/wp-content\/uploads\/2026\/02\/Site-Logo.png\",\"contentUrl\":\"https:\/\/costaprimerealty.com\/wp-content\/uploads\/2026\/02\/Site-Logo.png\",\"width\":350,\"height\":100,\"caption\":\"Costa Prime Realty\"},\"image\":{\"@id\":\"https:\/\/costaprimerealty.com\/#\/schema\/logo\/image\/\"},\"sameAs\":[\"https:\/\/www.facebook.com\/CostaPrimeRealty\/\",\"https:\/\/www.instagram.com\/costa_prime_realty\"]}]}<\/script>\n<!-- \/ Yoast SEO plugin. -->","yoast_head_json":{"title":"Impressum | Costa Prime Realty","description":"Impressum und rechtliche Informationen f\u00fcr Costa Prime Realty, im Besitz von Izidor Isakov, mit Sitz in Benalm\u00e1dena, M\u00e1laga, Spanien. Hier finden Sie die Kontaktdaten des Unternehmens, Informationen zu den Eigent\u00fcmern und den Haftungsausschluss f\u00fcr diese Immobilienagentur an der Costa del Sol.","robots":{"index":"index","follow":"follow","max-snippet":"max-snippet:-1","max-image-preview":"max-image-preview:large","max-video-preview":"max-video-preview:-1"},"canonical":"https:\/\/costaprimerealty.com\/de\/impressum\/","og_locale":"de_DE","og_type":"article","og_title":"Imprint | Costa Prime Realty","og_description":"Imprint and legal information for Costa Prime Realty, owned by Izidor Isakov, located in Benalm\u00e1dena, M\u00e1laga, Spain. Find company contact details, ownership information, and website legal disclaimer for this real estate agency on the Costa del Sol.","og_url":"https:\/\/costaprimerealty.com\/de\/impressum\/","og_site_name":"Costa Prime Realty","article_publisher":"https:\/\/www.facebook.com\/CostaPrimeRealty\/","article_modified_time":"2026-03-07T13:17:05+00:00","og_image":[{"width":1200,"height":675,"url":"https:\/\/costaprimerealty.com\/wp-content\/uploads\/2026\/03\/SEO-Image-Costa-Prime-Realty-.png","type":"image\/png"}],"twitter_card":"summary_large_image","twitter_misc":{"Gesch\u00e4tzte Lesezeit":"1\u00a0Minute"},"schema":{"@context":"https:\/\/schema.org","@graph":[{"@type":"WebPage","@id":"https:\/\/costaprimerealty.com\/imprint\/","url":"https:\/\/costaprimerealty.com\/imprint\/","name":"Impressum | Costa Prime Realty","isPartOf":{"@id":"https:\/\/costaprimerealty.com\/#website"},"datePublished":"2026-03-07T13:17:04+00:00","dateModified":"2026-03-07T13:17:05+00:00","description":"Impressum und rechtliche Informationen f\u00fcr Costa Prime Realty, im Besitz von Izidor Isakov, mit Sitz in Benalm\u00e1dena, M\u00e1laga, Spanien. Hier finden Sie die Kontaktdaten des Unternehmens, Informationen zu den Eigent\u00fcmern und den Haftungsausschluss f\u00fcr diese Immobilienagentur an der Costa del Sol.","breadcrumb":{"@id":"https:\/\/costaprimerealty.com\/imprint\/#breadcrumb"},"inLanguage":"de","potentialAction":[{"@type":"ReadAction","target":["https:\/\/costaprimerealty.com\/imprint\/"]}]},{"@type":"BreadcrumbList","@id":"https:\/\/costaprimerealty.com\/imprint\/#breadcrumb","itemListElement":[{"@type":"ListItem","position":1,"name":"Home","item":"https:\/\/costaprimerealty.com\/"},{"@type":"ListItem","position":2,"name":"Imprint"}]},{"@type":"WebSite","@id":"https:\/\/costaprimerealty.com\/#website","url":"https:\/\/costaprimerealty.com\/","name":"Costa Prime Realty","description":"Immobilienexperten an der Costa del Sol","publisher":{"@id":"https:\/\/costaprimerealty.com\/#organization"},"potentialAction":[{"@type":"SearchAction","target":{"@type":"EntryPoint","urlTemplate":"https:\/\/costaprimerealty.com\/?s={search_term_string}"},"query-input":{"@type":"PropertyValueSpecification","valueRequired":true,"valueName":"search_term_string"}}],"inLanguage":"de"},{"@type":"Organization","@id":"https:\/\/costaprimerealty.com\/#organization","name":"Costa Prime Realty","url":"https:\/\/costaprimerealty.com\/","logo":{"@type":"ImageObject","inLanguage":"de","@id":"https:\/\/costaprimerealty.com\/#\/schema\/logo\/image\/","url":"https:\/\/costaprimerealty.com\/wp-content\/uploads\/2026\/02\/Site-Logo.png","contentUrl":"https:\/\/costaprimerealty.com\/wp-content\/uploads\/2026\/02\/Site-Logo.png","width":350,"height":100,"caption":"Costa Prime Realty"},"image":{"@id":"https:\/\/costaprimerealty.com\/#\/schema\/logo\/image\/"},"sameAs":["https:\/\/www.facebook.com\/CostaPrimeRealty\/","https:\/\/www.instagram.com\/costa_prime_realty"]}]}},"_hostinger_reach_plugin_has_subscription_block":false,"_hostinger_reach_plugin_is_elementor":false,"_links":{"self":[{"href":"https:\/\/costaprimerealty.com\/de\/wp-json\/wp\/v2\/pages\/46692","targetHints":{"allow":["GET"]}}],"collection":[{"href":"https:\/\/costaprimerealty.com\/de\/wp-json\/wp\/v2\/pages"}],"about":[{"href":"https:\/\/costaprimerealty.com\/de\/wp-json\/wp\/v2\/types\/page"}],"author":[{"embeddable":true,"href":"https:\/\/costaprimerealty.com\/de\/wp-json\/wp\/v2\/users\/1"}],"replies":[{"embeddable":true,"href":"https:\/\/costaprimerealty.com\/de\/wp-json\/wp\/v2\/comments?post=46692"}],"version-history":[{"count":0,"href":"https:\/\/costaprimerealty.com\/de\/wp-json\/wp\/v2\/pages\/46692\/revisions"}],"wp:attachment":[{"href":"https:\/\/costaprimerealty.com\/de\/wp-json\/wp\/v2\/media?parent=46692"}],"curies":[{"name":"wp","href":"https:\/\/api.w.org\/{rel}","templated":true}]}}