{"id":46692,"date":"2026-03-07T14:17:04","date_gmt":"2026-03-07T13:17:04","guid":{"rendered":"https:\/\/costaprimerealty.com\/?page_id=46692"},"modified":"2026-03-07T14:17:05","modified_gmt":"2026-03-07T13:17:05","slug":"imprimir","status":"publish","type":"page","link":"https:\/\/costaprimerealty.com\/es\/imprint\/","title":{"rendered":"Pie de imprenta"},"content":{"rendered":"<h2 class=\"wp-block-heading\">Informaci\u00f3n sobre la empresa<\/h2>\n\n\n\n<p><strong>Costa Prime Realty<\/strong> (www.costaprimerealty.com)<br>Propiedad de <strong>Izidor Isakov<\/strong><\/p>\n\n\n\n<p>Calle Gema 1<br>29631 Benalm\u00e1dena<br>M\u00e1laga<br>Espa\u00f1a<\/p>\n\n\n\n<h2 class=\"wp-block-heading\">Datos de contacto<\/h2>\n\n\n\n<p>Tel: +34 602 11 99 19<br>Correo electr\u00f3nico: <a href=\"mailto:info@costaprimerealty.com\">info@costaprimerealty.com<\/a><\/p>\n\n\n\n<h2 class=\"wp-block-heading\">Responsable de contenidos<\/h2>\n\n\n\n<p>Izidor Isakov<br>Costa Prime Realty<br>Calle Gema 1<br>29631 Benalm\u00e1dena<br>M\u00e1laga<br>Espa\u00f1a<\/p>\n\n\n\n<h2 class=\"wp-block-heading\">Descargo de responsabilidad<\/h2>\n\n\n\n<p>La informaci\u00f3n proporcionada en este sitio web es s\u00f3lo para fines informativos generales. Si bien se hace todo lo posible para mantener la informaci\u00f3n exacta y actualizada, Costa Prime Realty no hace representaciones o garant\u00edas de ning\u00fan tipo, expresa o impl\u00edcita, acerca de la integridad, exactitud, fiabilidad, adecuaci\u00f3n o disponibilidad de las propiedades o la informaci\u00f3n contenida en el sitio web.<\/p>\n\n\n\n<p>Los listados de propiedades, precios y disponibilidad est\u00e1n sujetos a cambios sin previo aviso.<\/p>\n\n\n\n<h2 class=\"wp-block-heading\">Derechos de autor<\/h2>\n\n\n\n<p>Todo el contenido de este sitio web, incluyendo texto, im\u00e1genes, gr\u00e1ficos y logotipos, es propiedad de Costa Prime Realty a menos que se indique lo contrario y est\u00e1 protegido por las leyes de copyright aplicables. El uso no autorizado, reproducci\u00f3n o distribuci\u00f3n de cualquier material sin permiso previo por escrito est\u00e1 prohibido.<\/p>\n\n\n\n<h2 class=\"wp-block-heading\">Enlaces externos<\/h2>\n\n\n\n<p>Este sitio web puede contener enlaces a sitios web externos. Costa Prime Realty no tiene control sobre el contenido o la disponibilidad de esos sitios y no acepta ninguna responsabilidad por ellos.<\/p>\n\n\n\n<p><\/p>","protected":false},"excerpt":{"rendered":"<p>Company Information Costa Prime Realty (www.costaprimerealty.com)Owned and operated by Izidor Isakov Calle Gema 129631 Benalm\u00e1denaM\u00e1lagaSpain Contact Details Phone: +34 602 11 99 19Email: info@costaprimerealty.com Responsible for Content Izidor IsakovCosta Prime RealtyCalle Gema 129631 Benalm\u00e1denaM\u00e1lagaSpain Disclaimer The information provided on this website is for general informational purposes only. While every effort is made to keep the [&hellip;]<\/p>\n","protected":false},"author":1,"featured_media":0,"parent":0,"menu_order":0,"comment_status":"closed","ping_status":"closed","template":"","meta":{"footnotes":""},"class_list":["post-46692","page","type-page","status-publish","hentry"],"yoast_head":"<!-- This site is optimized with the Yoast SEO plugin v27.2 - https:\/\/yoast.com\/product\/yoast-seo-wordpress\/ -->\n<title>Imprint | Costa Prime Realty<\/title>\n<meta name=\"description\" content=\"Imprint and legal information for Costa Prime Realty, owned by Izidor Isakov, located in Benalm\u00e1dena, M\u00e1laga, Spain. Find company contact details, ownership information, and website legal disclaimer for this real estate agency on the Costa del Sol.\" \/>\n<meta name=\"robots\" content=\"index, follow, max-snippet:-1, max-image-preview:large, max-video-preview:-1\" \/>\n<link rel=\"canonical\" href=\"https:\/\/costaprimerealty.com\/es\/imprimir\/\" \/>\n<meta property=\"og:locale\" content=\"es_ES\" \/>\n<meta property=\"og:type\" content=\"article\" \/>\n<meta property=\"og:title\" content=\"Imprint | Costa Prime Realty\" \/>\n<meta property=\"og:description\" content=\"Imprint and legal information for Costa Prime Realty, owned by Izidor Isakov, located in Benalm\u00e1dena, M\u00e1laga, Spain. Find company contact details, ownership information, and website legal disclaimer for this real estate agency on the Costa del Sol.\" \/>\n<meta property=\"og:url\" content=\"https:\/\/costaprimerealty.com\/es\/imprimir\/\" \/>\n<meta property=\"og:site_name\" content=\"Costa Prime Realty\" \/>\n<meta property=\"article:publisher\" content=\"https:\/\/www.facebook.com\/CostaPrimeRealty\/\" \/>\n<meta property=\"article:modified_time\" content=\"2026-03-07T13:17:05+00:00\" \/>\n<meta property=\"og:image\" content=\"https:\/\/costaprimerealty.com\/wp-content\/uploads\/2026\/03\/SEO-Image-Costa-Prime-Realty-.png\" \/>\n\t<meta property=\"og:image:width\" content=\"1200\" \/>\n\t<meta property=\"og:image:height\" content=\"675\" \/>\n\t<meta property=\"og:image:type\" content=\"image\/png\" \/>\n<meta name=\"twitter:card\" content=\"summary_large_image\" \/>\n<meta name=\"twitter:label1\" content=\"Tiempo de lectura\" \/>\n\t<meta name=\"twitter:data1\" content=\"1 minuto\" \/>\n<script type=\"application\/ld+json\" class=\"yoast-schema-graph\">{\"@context\":\"https:\/\/schema.org\",\"@graph\":[{\"@type\":\"WebPage\",\"@id\":\"https:\/\/costaprimerealty.com\/imprint\/\",\"url\":\"https:\/\/costaprimerealty.com\/imprint\/\",\"name\":\"Imprint | Costa Prime Realty\",\"isPartOf\":{\"@id\":\"https:\/\/costaprimerealty.com\/#website\"},\"datePublished\":\"2026-03-07T13:17:04+00:00\",\"dateModified\":\"2026-03-07T13:17:05+00:00\",\"description\":\"Imprint and legal information for Costa Prime Realty, owned by Izidor Isakov, located in Benalm\u00e1dena, M\u00e1laga, Spain. Find company contact details, ownership information, and website legal disclaimer for this real estate agency on the Costa del Sol.\",\"breadcrumb\":{\"@id\":\"https:\/\/costaprimerealty.com\/imprint\/#breadcrumb\"},\"inLanguage\":\"es\",\"potentialAction\":[{\"@type\":\"ReadAction\",\"target\":[\"https:\/\/costaprimerealty.com\/imprint\/\"]}]},{\"@type\":\"BreadcrumbList\",\"@id\":\"https:\/\/costaprimerealty.com\/imprint\/#breadcrumb\",\"itemListElement\":[{\"@type\":\"ListItem\",\"position\":1,\"name\":\"Home\",\"item\":\"https:\/\/costaprimerealty.com\/\"},{\"@type\":\"ListItem\",\"position\":2,\"name\":\"Imprint\"}]},{\"@type\":\"WebSite\",\"@id\":\"https:\/\/costaprimerealty.com\/#website\",\"url\":\"https:\/\/costaprimerealty.com\/\",\"name\":\"Costa Prime Realty\",\"description\":\"Property Experts on the Costa del Sol\",\"publisher\":{\"@id\":\"https:\/\/costaprimerealty.com\/#organization\"},\"potentialAction\":[{\"@type\":\"SearchAction\",\"target\":{\"@type\":\"EntryPoint\",\"urlTemplate\":\"https:\/\/costaprimerealty.com\/?s={search_term_string}\"},\"query-input\":{\"@type\":\"PropertyValueSpecification\",\"valueRequired\":true,\"valueName\":\"search_term_string\"}}],\"inLanguage\":\"es\"},{\"@type\":\"Organization\",\"@id\":\"https:\/\/costaprimerealty.com\/#organization\",\"name\":\"Costa Prime Realty\",\"url\":\"https:\/\/costaprimerealty.com\/\",\"logo\":{\"@type\":\"ImageObject\",\"inLanguage\":\"es\",\"@id\":\"https:\/\/costaprimerealty.com\/#\/schema\/logo\/image\/\",\"url\":\"https:\/\/costaprimerealty.com\/wp-content\/uploads\/2026\/02\/Site-Logo.png\",\"contentUrl\":\"https:\/\/costaprimerealty.com\/wp-content\/uploads\/2026\/02\/Site-Logo.png\",\"width\":350,\"height\":100,\"caption\":\"Costa Prime Realty\"},\"image\":{\"@id\":\"https:\/\/costaprimerealty.com\/#\/schema\/logo\/image\/\"},\"sameAs\":[\"https:\/\/www.facebook.com\/CostaPrimeRealty\/\",\"https:\/\/www.instagram.com\/costa_prime_realty\"]}]}<\/script>\n<!-- \/ Yoast SEO plugin. -->","yoast_head_json":{"title":"Pie de imprenta | Costa Prime Realty","description":"Pie de imprenta e informaci\u00f3n legal para Costa Prime Realty, propiedad de Izidor Isakov, situada en Benalm\u00e1dena, M\u00e1laga, Espa\u00f1a. Encuentre los datos de contacto de la empresa, informaci\u00f3n sobre la propiedad y el aviso legal del sitio web de esta agencia inmobiliaria de la Costa del Sol.","robots":{"index":"index","follow":"follow","max-snippet":"max-snippet:-1","max-image-preview":"max-image-preview:large","max-video-preview":"max-video-preview:-1"},"canonical":"https:\/\/costaprimerealty.com\/es\/imprimir\/","og_locale":"es_ES","og_type":"article","og_title":"Imprint | Costa Prime Realty","og_description":"Imprint and legal information for Costa Prime Realty, owned by Izidor Isakov, located in Benalm\u00e1dena, M\u00e1laga, Spain. Find company contact details, ownership information, and website legal disclaimer for this real estate agency on the Costa del Sol.","og_url":"https:\/\/costaprimerealty.com\/es\/imprimir\/","og_site_name":"Costa Prime Realty","article_publisher":"https:\/\/www.facebook.com\/CostaPrimeRealty\/","article_modified_time":"2026-03-07T13:17:05+00:00","og_image":[{"width":1200,"height":675,"url":"https:\/\/costaprimerealty.com\/wp-content\/uploads\/2026\/03\/SEO-Image-Costa-Prime-Realty-.png","type":"image\/png"}],"twitter_card":"summary_large_image","twitter_misc":{"Tiempo de lectura":"1 minuto"},"schema":{"@context":"https:\/\/schema.org","@graph":[{"@type":"WebPage","@id":"https:\/\/costaprimerealty.com\/imprint\/","url":"https:\/\/costaprimerealty.com\/imprint\/","name":"Pie de imprenta | Costa Prime Realty","isPartOf":{"@id":"https:\/\/costaprimerealty.com\/#website"},"datePublished":"2026-03-07T13:17:04+00:00","dateModified":"2026-03-07T13:17:05+00:00","description":"Pie de imprenta e informaci\u00f3n legal para Costa Prime Realty, propiedad de Izidor Isakov, situada en Benalm\u00e1dena, M\u00e1laga, Espa\u00f1a. Encuentre los datos de contacto de la empresa, informaci\u00f3n sobre la propiedad y el aviso legal del sitio web de esta agencia inmobiliaria de la Costa del Sol.","breadcrumb":{"@id":"https:\/\/costaprimerealty.com\/imprint\/#breadcrumb"},"inLanguage":"es","potentialAction":[{"@type":"ReadAction","target":["https:\/\/costaprimerealty.com\/imprint\/"]}]},{"@type":"BreadcrumbList","@id":"https:\/\/costaprimerealty.com\/imprint\/#breadcrumb","itemListElement":[{"@type":"ListItem","position":1,"name":"Home","item":"https:\/\/costaprimerealty.com\/"},{"@type":"ListItem","position":2,"name":"Imprint"}]},{"@type":"WebSite","@id":"https:\/\/costaprimerealty.com\/#website","url":"https:\/\/costaprimerealty.com\/","name":"Costa Prime Realty","description":"Expertos inmobiliarios en la Costa del Sol","publisher":{"@id":"https:\/\/costaprimerealty.com\/#organization"},"potentialAction":[{"@type":"SearchAction","target":{"@type":"EntryPoint","urlTemplate":"https:\/\/costaprimerealty.com\/?s={search_term_string}"},"query-input":{"@type":"PropertyValueSpecification","valueRequired":true,"valueName":"search_term_string"}}],"inLanguage":"es"},{"@type":"Organization","@id":"https:\/\/costaprimerealty.com\/#organization","name":"Costa Prime Realty","url":"https:\/\/costaprimerealty.com\/","logo":{"@type":"ImageObject","inLanguage":"es","@id":"https:\/\/costaprimerealty.com\/#\/schema\/logo\/image\/","url":"https:\/\/costaprimerealty.com\/wp-content\/uploads\/2026\/02\/Site-Logo.png","contentUrl":"https:\/\/costaprimerealty.com\/wp-content\/uploads\/2026\/02\/Site-Logo.png","width":350,"height":100,"caption":"Costa Prime Realty"},"image":{"@id":"https:\/\/costaprimerealty.com\/#\/schema\/logo\/image\/"},"sameAs":["https:\/\/www.facebook.com\/CostaPrimeRealty\/","https:\/\/www.instagram.com\/costa_prime_realty"]}]}},"_hostinger_reach_plugin_has_subscription_block":false,"_hostinger_reach_plugin_is_elementor":false,"_links":{"self":[{"href":"https:\/\/costaprimerealty.com\/es\/wp-json\/wp\/v2\/pages\/46692","targetHints":{"allow":["GET"]}}],"collection":[{"href":"https:\/\/costaprimerealty.com\/es\/wp-json\/wp\/v2\/pages"}],"about":[{"href":"https:\/\/costaprimerealty.com\/es\/wp-json\/wp\/v2\/types\/page"}],"author":[{"embeddable":true,"href":"https:\/\/costaprimerealty.com\/es\/wp-json\/wp\/v2\/users\/1"}],"replies":[{"embeddable":true,"href":"https:\/\/costaprimerealty.com\/es\/wp-json\/wp\/v2\/comments?post=46692"}],"version-history":[{"count":0,"href":"https:\/\/costaprimerealty.com\/es\/wp-json\/wp\/v2\/pages\/46692\/revisions"}],"wp:attachment":[{"href":"https:\/\/costaprimerealty.com\/es\/wp-json\/wp\/v2\/media?parent=46692"}],"curies":[{"name":"wp","href":"https:\/\/api.w.org\/{rel}","templated":true}]}}